{"id":371,"date":"2016-12-28T17:35:49","date_gmt":"2016-12-28T16:35:49","guid":{"rendered":"https:\/\/www.xn--jute-bckerei-lcb.de\/kontakt\/"},"modified":"2026-01-05T11:38:36","modified_gmt":"2026-01-05T10:38:36","slug":"contact","status":"publish","type":"page","link":"https:\/\/www.xn--jute-bckerei-lcb.de\/en\/contact\/","title":{"rendered":"Contact"},"content":{"rendered":"\n\n\t<h1>Contact<\/h1>\n<p>Come visit us!<\/p>\n\t<p><em><strong>Gluten-Free Bakery &amp;\u00a0Caf\u00e9<\/strong><\/em><\/p>\n<h3>Jute B\u00e4ckerei<\/h3>\nSch\u00f6nhauser Allee 52 a<br \/>\n10437 Berlin &#8211; Prenzlauer Berg<br \/>\n(Close to U2 Eberswalder Str.)\nStore Telephone\u00a0(Pre-Order):<br \/>\n+49 (30) &#8211; 68 00 65 58\n\t<em><strong>Opening Hours in general<br \/>\n<\/strong><\/em>\nMonday to Saturday:<br \/>\n8.30 am &#8211; 7 pm<br \/>\nSunday\u00a0:<br \/>\n10 am &#8211; 3 pm\n<p>If not communicated, we are open on holidays.<\/p>\n\t <div class=\"brlbs-cmpnt-container brlbs-cmpnt-content-blocker brlbs-cmpnt-with-individual-styles\" data-borlabs-cookie-content-blocker-id=\"google-maps\" data-borlabs-cookie-content=\"PGlmcmFtZSBzcmM9Imh0dHBzOi8vd3d3Lmdvb2dsZS5jb20vbWFwcy9lbWJlZD9wYj0hMW0xNCExbTghMW0zITFkOTcwNS44ODI1MjE4MDE0MzQhMmQxMy40MTI3OTkzITNkNTIuNTQzMDExNCEzbTIhMWkxMDI0ITJpNzY4ITRmMTMuMSEzbTMhMW0yITFzMHgwJTNBMHhjZmY3NWJkNjUxYWMwMDAzITJzSnV0ZStCJUMzJUE0Y2tlcmVpITVlMCEzbTIhMXNkZSEyc2RlITR2MTQ4NDYwMzE2NjE0MCIKZnJhbWVib3JkZXI9IjAiIG1hcmdpbndpZHRoPSIwIiBtYXJnaW5oZWlnaHQ9IjAiIHNjcm9sbGluZz0ibm8iPjwvaWZyYW1lPg==\"><div class=\"brlbs-cmpnt-cb-preset-b brlbs-cmpnt-cb-google-maps\"> <div class=\"brlbs-cmpnt-cb-thumbnail\" style=\"background-image: url('https:\/\/www.xn--jute-bckerei-lcb.de\/wp-content\/uploads\/borlabs-cookie\/1\/brlbs-cb-google-maps-main.png')\"><\/div> <div class=\"brlbs-cmpnt-cb-main\"> <div class=\"brlbs-cmpnt-cb-content\"> <p class=\"brlbs-cmpnt-cb-description\">You are currently viewing a placeholder content from <strong>Google Maps<\/strong>. To access the actual content, click the button below. Please note that doing so will share data with third-party providers.<\/p> <a class=\"brlbs-cmpnt-cb-provider-toggle\" href=\"#\" data-borlabs-cookie-show-provider-information role=\"button\">More Information<\/a> <\/div> <div class=\"brlbs-cmpnt-cb-buttons\"> <a class=\"brlbs-cmpnt-cb-btn\" href=\"#\" data-borlabs-cookie-unblock role=\"button\">Unblock content<\/a> <a class=\"brlbs-cmpnt-cb-btn\" href=\"#\" data-borlabs-cookie-accept-service role=\"button\" style=\"display: inherit\">Accept required service and unblock content<\/a> <\/div> <\/div> <\/div><\/div>\n\t<script type=\"text\/javascript\">\n\/* <![CDATA[ *\/\nvar gform;gform||(document.addEventListener(\"gform_main_scripts_loaded\",function(){gform.scriptsLoaded=!0}),document.addEventListener(\"gform\/theme\/scripts_loaded\",function(){gform.themeScriptsLoaded=!0}),window.addEventListener(\"DOMContentLoaded\",function(){gform.domLoaded=!0}),gform={domLoaded:!1,scriptsLoaded:!1,themeScriptsLoaded:!1,isFormEditor:()=>\"function\"==typeof InitializeEditor,callIfLoaded:function(o){return!(!gform.domLoaded||!gform.scriptsLoaded||!gform.themeScriptsLoaded&&!gform.isFormEditor()||(gform.isFormEditor()&&console.warn(\"The use of gform.initializeOnLoaded() is deprecated in the form editor context and will be removed in Gravity Forms 3.1.\"),o(),0))},initializeOnLoaded:function(o){gform.callIfLoaded(o)||(document.addEventListener(\"gform_main_scripts_loaded\",()=>{gform.scriptsLoaded=!0,gform.callIfLoaded(o)}),document.addEventListener(\"gform\/theme\/scripts_loaded\",()=>{gform.themeScriptsLoaded=!0,gform.callIfLoaded(o)}),window.addEventListener(\"DOMContentLoaded\",()=>{gform.domLoaded=!0,gform.callIfLoaded(o)}))},hooks:{action:{},filter:{}},addAction:function(o,r,e,t){gform.addHook(\"action\",o,r,e,t)},addFilter:function(o,r,e,t){gform.addHook(\"filter\",o,r,e,t)},doAction:function(o){gform.doHook(\"action\",o,arguments)},applyFilters:function(o){return gform.doHook(\"filter\",o,arguments)},removeAction:function(o,r){gform.removeHook(\"action\",o,r)},removeFilter:function(o,r,e){gform.removeHook(\"filter\",o,r,e)},addHook:function(o,r,e,t,n){null==gform.hooks[o][r]&&(gform.hooks[o][r]=[]);var d=gform.hooks[o][r];null==n&&(n=r+\"_\"+d.length),gform.hooks[o][r].push({tag:n,callable:e,priority:t=null==t?10:t})},doHook:function(r,o,e){var t;if(e=Array.prototype.slice.call(e,1),null!=gform.hooks[r][o]&&((o=gform.hooks[r][o]).sort(function(o,r){return o.priority-r.priority}),o.forEach(function(o){\"function\"!=typeof(t=o.callable)&&(t=window[t]),\"action\"==r?t.apply(null,e):e[0]=t.apply(null,e)})),\"filter\"==r)return e[0]},removeHook:function(o,r,t,n){var e;null!=gform.hooks[o][r]&&(e=(e=gform.hooks[o][r]).filter(function(o,r,e){return!!(null!=n&&n!=o.tag||null!=t&&t!=o.priority)}),gform.hooks[o][r]=e)}});\n\/* ]]> *\/\n<\/script>\n\n                <div class='gf_browser_gecko gform_wrapper gform_legacy_markup_wrapper gform-theme--no-framework' data-form-theme='legacy' data-form-index='0' id='gform_wrapper_4' ><form method='post' enctype='multipart\/form-data'  id='gform_4'  action='\/en\/wp-json\/wp\/v2\/pages\/371' data-formid='4' novalidate>\n                        <div class='gform-body gform_body'><ul id='gform_fields_4' class='gform_fields left_label form_sublabel_below description_below validation_below'><li id=\"field_4_7\" class=\"gfield gfield--type-honeypot gform_validation_container field_sublabel_below gfield--has-description field_description_below field_validation_below gfield_visibility_visible\"  ><label class='gfield_label gform-field-label' for='input_4_7'>X\/Twitter<\/label><div class='ginput_container'><input name='input_7' id='input_4_7' type='text' value='' autocomplete='new-password'\/><\/div><div class='gfield_description' id='gfield_description_4_7'>This field is for validation purposes and should be left unchanged.<\/div><\/li><li id=\"field_4_1\" class=\"gfield gfield--type-name field_sublabel_below gfield--no-description field_description_below field_validation_below gfield_visibility_visible\"  ><label class='gfield_label gform-field-label gfield_label_before_complex' >Name<\/label><div class='ginput_complex ginput_container ginput_container--name no_prefix has_first_name no_middle_name has_last_name no_suffix gf_name_has_2 ginput_container_name gform-grid-row' id='input_4_1'>\n                            \n                            <span id='input_4_1_3_container' class='name_first gform-grid-col gform-grid-col--size-auto' >\n                                                    <input type='text' name='input_1.3' id='input_4_1_3' value=''   aria-required='false'     \/>\n                                                    <label for='input_4_1_3' class='gform-field-label gform-field-label--type-sub '>First Name<\/label>\n                                                <\/span>\n                            \n                            <span id='input_4_1_6_container' class='name_last gform-grid-col gform-grid-col--size-auto' >\n                                                    <input type='text' name='input_1.6' id='input_4_1_6' value=''   aria-required='false'     \/>\n                                                    <label for='input_4_1_6' class='gform-field-label gform-field-label--type-sub '>Surname<\/label>\n                                                <\/span>\n                            \n                        <\/div><\/li><li id=\"field_4_2\" class=\"gfield gfield--type-email gfield_contains_required field_sublabel_below gfield--no-description field_description_below field_validation_below gfield_visibility_visible\"  ><label class='gfield_label gform-field-label' for='input_4_2'>E-Mail<span class=\"gfield_required\"><span class=\"gfield_required gfield_required_asterisk\">*<\/span><\/span><\/label><div class='ginput_container ginput_container_email'>\n                            <input name='input_2' id='input_4_2' type='email' value='' class='medium'    aria-required=\"true\" aria-invalid=\"false\"  \/>\n                        <\/div><\/li><li id=\"field_4_3\" class=\"gfield gfield--type-textarea field_sublabel_below gfield--no-description field_description_below field_validation_below gfield_visibility_visible\"  ><label class='gfield_label gform-field-label' for='input_4_3'>Tell us what do you think.<\/label><div class='ginput_container ginput_container_textarea'><textarea name='input_3' id='input_4_3' class='textarea medium'    placeholder='Feedback, ideas and spontaneous peans to the Jute Baeckerei...'  aria-invalid=\"false\"   rows='10' cols='50'><\/textarea><\/div><\/li><li id=\"field_4_4\" class=\"gfield gfield--type-checkbox gfield--type-choice field_sublabel_below gfield--no-description field_description_below field_validation_below gfield_visibility_visible\"  ><label class='gfield_label gform-field-label gfield_label_before_complex' >Newsletter subscription<\/label><div class='ginput_container ginput_container_checkbox'><ul class='gfield_checkbox' id='input_4_4'><li class='gchoice gchoice_4_4_1'>\n\t\t\t\t\t\t\t\t<input class='gfield-choice-input' name='input_4.1' type='checkbox'  value='Yes, subscribe me to the Jute B\u00e4ckerei newsletter'  id='choice_4_4_1'   \/>\n\t\t\t\t\t\t\t\t<label for='choice_4_4_1' id='label_4_4_1' class='gform-field-label gform-field-label--type-inline'>Yes, subscribe me to the Jute B\u00e4ckerei newsletter<\/label>\n\t\t\t\t\t\t\t<\/li><\/ul><\/div><\/li><li id=\"field_4_6\" class=\"gfield gfield--type-checkbox gfield--type-choice gfield_contains_required field_sublabel_below gfield--no-description field_description_below field_validation_below gfield_visibility_visible\"  ><label class='gfield_label gform-field-label gfield_label_before_complex' >Privacy Policy<span class=\"gfield_required\"><span class=\"gfield_required gfield_required_asterisk\">*<\/span><\/span><\/label><div class='ginput_container ginput_container_checkbox'><ul class='gfield_checkbox' id='input_4_6'><li class='gchoice gchoice_4_6_1'>\n\t\t\t\t\t\t\t\t<input class='gfield-choice-input' name='input_6.1' type='checkbox'  value='Ich habe die &lt;a href=&quot;\/impressum\/&quot;&gt;Datenschutzerkl\u00e4rung&lt;\/a&gt; zur Kenntnis genommen. Ich stimme einer elektronischen Speicherung und Verarbeitung meiner eingegebenen Daten zur Beantwortung meiner Anfrage zu. Die Einwilligung kann jederzeit f\u00fcr die Zukunft per E-Mail an &lt;a href=&quot;mailto:info@jute-baeckerei.de&quot;&gt;info@jute-baeckerei.de&lt;\/a&gt; widerrufen werden.'  id='choice_4_6_1'   \/>\n\t\t\t\t\t\t\t\t<label for='choice_4_6_1' id='label_4_6_1' class='gform-field-label gform-field-label--type-inline'>Ich habe die <a href=\"\/impressum\/\">Datenschutzerkl\u00e4rung<\/a> zur Kenntnis genommen. Ich stimme einer elektronischen Speicherung und Verarbeitung meiner eingegebenen Daten zur Beantwortung meiner Anfrage zu. Die Einwilligung kann jederzeit f\u00fcr die Zukunft per E-Mail an <a href=\"mailto:info@jute-baeckerei.de\">info@jute-baeckerei.de<\/a> widerrufen werden.<\/label>\n\t\t\t\t\t\t\t<\/li><\/ul><\/div><\/li><li id=\"field_4_5\" class=\"gfield gfield--type-captcha field_sublabel_below gfield--no-description field_description_below field_validation_below gfield_visibility_visible\"  ><label class='gfield_label gform-field-label' for='input_4_5'>Proof, that you are a human \ud83d\ude42<\/label><div id='input_4_5' class='ginput_container ginput_recaptcha' data-sitekey='6Ld_zxQUAAAAABD9BTZyDLOgc92VqNcj7PNVqi7w'  data-theme='light' data-tabindex='0'  data-badge=''><\/div><\/li><\/ul><\/div>\n        <div class='gform-footer gform_footer left_label'> <input type='submit' id='gform_submit_button_4' class='gform_button button' onclick='gform.submission.handleButtonClick(this);' data-submission-type='submit' value='Submit'  \/> \n            <input type='hidden' class='gform_hidden' name='gform_submission_method' data-js='gform_submission_method_4' value='postback' \/>\n            <input type='hidden' class='gform_hidden' name='gform_theme' data-js='gform_theme_4' id='gform_theme_4' value='legacy' \/>\n            <input type='hidden' class='gform_hidden' name='gform_style_settings' data-js='gform_style_settings_4' id='gform_style_settings_4' value='[]' \/>\n            <input type='hidden' class='gform_hidden' name='is_submit_4' value='1' \/>\n            <input type='hidden' class='gform_hidden' name='gform_submit' value='4' \/>\n            \n            <input type='hidden' class='gform_hidden' name='gform_currency' data-currency='EUR' value='h76fmoTl3HpPDL1M6x6qTkCW7oQnE2Zz2+qEJ6VExecY3dnvwFWE80N8yw3a0iHahXj4uEG\/qU4G9niuvVXct\/Lr5AVT0fFACFLOg\/1iK1jlqgg=' \/>\n            <input type='hidden' class='gform_hidden' name='gform_unique_id' value='' \/>\n            <input type='hidden' class='gform_hidden' name='state_4' value='WyJbXSIsIjQ5OTA2MDI1N2VmYjIzNGUzMDZlYTFhNDg5ODgxZDQ5Il0=' \/>\n            <input type='hidden' autocomplete='off' class='gform_hidden' name='gform_target_page_number_4' id='gform_target_page_number_4' value='0' \/>\n            <input type='hidden' autocomplete='off' class='gform_hidden' name='gform_source_page_number_4' id='gform_source_page_number_4' value='1' \/>\n            <input type='hidden' name='gform_field_values' value='' \/>\n            \n        <\/div>\n                        <\/form>\n                        <\/div><script type=\"text\/javascript\">\n\/* <![CDATA[ *\/\n gform.initializeOnLoaded( function() {gformInitSpinner( 4, 'https:\/\/www.xn--jute-bckerei-lcb.de\/wp-content\/plugins\/gravityforms\/images\/spinner.svg', true );jQuery('#gform_ajax_frame_4').on('load',function(){var contents = jQuery(this).contents().find('*').html();var is_postback = contents.indexOf('GF_AJAX_POSTBACK') >= 0;if(!is_postback){return;}var form_content = jQuery(this).contents().find('#gform_wrapper_4');var is_confirmation = jQuery(this).contents().find('#gform_confirmation_wrapper_4').length > 0;var is_redirect = contents.indexOf('gformRedirect(){') >= 0;var is_form = form_content.length > 0 && ! is_redirect && ! is_confirmation;var mt = parseInt(jQuery('html').css('margin-top'), 10) + parseInt(jQuery('body').css('margin-top'), 10) + 100;if(is_form){jQuery('#gform_wrapper_4').html(form_content.html());if(form_content.hasClass('gform_validation_error')){jQuery('#gform_wrapper_4').addClass('gform_validation_error');} else {jQuery('#gform_wrapper_4').removeClass('gform_validation_error');}setTimeout( function() { \/* delay the scroll by 50 milliseconds to fix a bug in chrome *\/  }, 50 );if(window['gformInitDatepicker']) {gformInitDatepicker();}if(window['gformInitPriceFields']) {gformInitPriceFields();}var current_page = jQuery('#gform_source_page_number_4').val();gformInitSpinner( 4, 'https:\/\/www.xn--jute-bckerei-lcb.de\/wp-content\/plugins\/gravityforms\/images\/spinner.svg', true );jQuery(document).trigger('gform_page_loaded', [4, current_page]);window['gf_submitting_4'] = false;}else if(!is_redirect){var confirmation_content = jQuery(this).contents().find('.GF_AJAX_POSTBACK').html();if(!confirmation_content){confirmation_content = contents;}jQuery('#gform_wrapper_4').replaceWith(confirmation_content);jQuery(document).trigger('gform_confirmation_loaded', [4]);window['gf_submitting_4'] = false;wp.a11y.speak(jQuery('#gform_confirmation_message_4').text());}else{jQuery('#gform_4').append(contents);if(window['gformRedirect']) {gformRedirect();}}jQuery(document).trigger(\"gform_pre_post_render\", [{ formId: \"4\", currentPage: \"current_page\", abort: function() { this.preventDefault(); } }]);        if (event && event.defaultPrevented) {                return;        }        const gformWrapperDiv = document.getElementById( \"gform_wrapper_4\" );        if ( gformWrapperDiv ) {            const visibilitySpan = document.createElement( \"span\" );            visibilitySpan.id = \"gform_visibility_test_4\";            gformWrapperDiv.insertAdjacentElement( \"afterend\", visibilitySpan );        }        const visibilityTestDiv = document.getElementById( \"gform_visibility_test_4\" );        let postRenderFired = false;        function triggerPostRender() {            if ( postRenderFired ) {                return;            }            postRenderFired = true;            gform.core.triggerPostRenderEvents( 4, current_page );            if ( visibilityTestDiv ) {                visibilityTestDiv.parentNode.removeChild( visibilityTestDiv );            }        }        function debounce( func, wait, immediate ) {            var timeout;            return function() {                var context = this, args = arguments;                var later = function() {                    timeout = null;                    if ( !immediate ) func.apply( context, args );                };                var callNow = immediate && !timeout;                clearTimeout( timeout );                timeout = setTimeout( later, wait );                if ( callNow ) func.apply( context, args );            };        }        const debouncedTriggerPostRender = debounce( function() {            triggerPostRender();        }, 200 );        if ( visibilityTestDiv && visibilityTestDiv.offsetParent === null ) {            const observer = new MutationObserver( ( mutations ) => {                mutations.forEach( ( mutation ) => {                    if ( mutation.type === 'attributes' && visibilityTestDiv.offsetParent !== null ) {                        debouncedTriggerPostRender();                        observer.disconnect();                    }                });            });            observer.observe( document.body, {                attributes: true,                childList: false,                subtree: true,                attributeFilter: [ 'style', 'class' ],            });        } else {            triggerPostRender();        }    } );} ); \n\/* ]]> *\/\n<\/script>\n\n\n","protected":false},"excerpt":{"rendered":"<p>Contact Come visit us! Gluten-Free Bakery &amp;\u00a0Caf\u00e9 Jute B\u00e4ckerei Sch\u00f6nhauser Allee 52 a 10437 Berlin &#8211; Prenzlauer Berg (Close to U2 Eberswalder Str.) Store Telephone\u00a0(Pre-Order): +49 (30) &#8211; 68 00 65 58 Opening Hours in general Monday to Saturday: 8.30 am &#8211; 7 pm Sunday\u00a0: 10 am &#8211; 3 pm If not communicated, we are [&hellip;]<\/p>\n","protected":false},"author":1,"featured_media":0,"parent":0,"menu_order":15,"comment_status":"closed","ping_status":"closed","template":"","meta":{"footnotes":""},"class_list":["post-371","page","type-page","status-publish","hentry"],"yoast_head":"<!-- This site is optimized with the Yoast SEO plugin v27.5 - https:\/\/yoast.com\/product\/yoast-seo-wordpress\/ -->\n<title>Contact - Jute B\u00e4ckerei - glutenfreie B\u00e4ckerei &amp; Produkte in Berlin<\/title>\n<meta name=\"robots\" content=\"index, follow, max-snippet:-1, max-image-preview:large, max-video-preview:-1\" \/>\n<link rel=\"canonical\" href=\"https:\/\/www.xn--jute-bckerei-lcb.de\/en\/contact\/\" \/>\n<meta property=\"og:locale\" content=\"en_US\" \/>\n<meta property=\"og:type\" content=\"article\" \/>\n<meta property=\"og:title\" content=\"Contact - Jute B\u00e4ckerei - glutenfreie B\u00e4ckerei &amp; Produkte in Berlin\" \/>\n<meta property=\"og:description\" content=\"Contact Come visit us! Gluten-Free Bakery &amp;\u00a0Caf\u00e9 Jute B\u00e4ckerei Sch\u00f6nhauser Allee 52 a 10437 Berlin &#8211; Prenzlauer Berg (Close to U2 Eberswalder Str.) Store Telephone\u00a0(Pre-Order): +49 (30) &#8211; 68 00 65 58 Opening Hours in general Monday to Saturday: 8.30 am &#8211; 7 pm Sunday\u00a0: 10 am &#8211; 3 pm If not communicated, we are [&hellip;]\" \/>\n<meta property=\"og:url\" content=\"https:\/\/www.xn--jute-bckerei-lcb.de\/en\/contact\/\" \/>\n<meta property=\"og:site_name\" content=\"Jute B\u00e4ckerei\" \/>\n<meta property=\"article:modified_time\" content=\"2026-01-05T10:38:36+00:00\" \/>\n<meta name=\"twitter:card\" content=\"summary_large_image\" \/>\n<script type=\"application\/ld+json\" class=\"yoast-schema-graph\">{\"@context\":\"https:\\\/\\\/schema.org\",\"@graph\":[{\"@type\":\"WebPage\",\"@id\":\"https:\\\/\\\/www.xn--jute-bckerei-lcb.de\\\/en\\\/contact\\\/\",\"url\":\"https:\\\/\\\/www.xn--jute-bckerei-lcb.de\\\/en\\\/contact\\\/\",\"name\":\"Contact - Jute B\u00e4ckerei - glutenfreie B\u00e4ckerei &amp; Produkte in Berlin\",\"isPartOf\":{\"@id\":\"https:\\\/\\\/www.xn--jute-bckerei-lcb.de\\\/#website\"},\"datePublished\":\"2016-12-28T16:35:49+00:00\",\"dateModified\":\"2026-01-05T10:38:36+00:00\",\"breadcrumb\":{\"@id\":\"https:\\\/\\\/www.xn--jute-bckerei-lcb.de\\\/en\\\/contact\\\/#breadcrumb\"},\"inLanguage\":\"en-US\",\"potentialAction\":[{\"@type\":\"ReadAction\",\"target\":[\"https:\\\/\\\/www.xn--jute-bckerei-lcb.de\\\/en\\\/contact\\\/\"]}]},{\"@type\":\"BreadcrumbList\",\"@id\":\"https:\\\/\\\/www.xn--jute-bckerei-lcb.de\\\/en\\\/contact\\\/#breadcrumb\",\"itemListElement\":[{\"@type\":\"ListItem\",\"position\":1,\"name\":\"Startseite\",\"item\":\"https:\\\/\\\/www.xn--jute-bckerei-lcb.de\\\/en\\\/\"},{\"@type\":\"ListItem\",\"position\":2,\"name\":\"Contact\"}]},{\"@type\":\"WebSite\",\"@id\":\"https:\\\/\\\/www.xn--jute-bckerei-lcb.de\\\/#website\",\"url\":\"https:\\\/\\\/www.xn--jute-bckerei-lcb.de\\\/\",\"name\":\"Jute B\u00e4ckerei\",\"description\":\"glutenfreie B\u00e4ckerei &amp; Produkte in Berlin\",\"potentialAction\":[{\"@type\":\"SearchAction\",\"target\":{\"@type\":\"EntryPoint\",\"urlTemplate\":\"https:\\\/\\\/www.xn--jute-bckerei-lcb.de\\\/?s={search_term_string}\"},\"query-input\":{\"@type\":\"PropertyValueSpecification\",\"valueRequired\":true,\"valueName\":\"search_term_string\"}}],\"inLanguage\":\"en-US\"}]}<\/script>\n<!-- \/ Yoast SEO plugin. -->","yoast_head_json":{"title":"Contact - Jute B\u00e4ckerei - glutenfreie B\u00e4ckerei &amp; Produkte in Berlin","robots":{"index":"index","follow":"follow","max-snippet":"max-snippet:-1","max-image-preview":"max-image-preview:large","max-video-preview":"max-video-preview:-1"},"canonical":"https:\/\/www.xn--jute-bckerei-lcb.de\/en\/contact\/","og_locale":"en_US","og_type":"article","og_title":"Contact - Jute B\u00e4ckerei - glutenfreie B\u00e4ckerei &amp; Produkte in Berlin","og_description":"Contact Come visit us! Gluten-Free Bakery &amp;\u00a0Caf\u00e9 Jute B\u00e4ckerei Sch\u00f6nhauser Allee 52 a 10437 Berlin &#8211; Prenzlauer Berg (Close to U2 Eberswalder Str.) Store Telephone\u00a0(Pre-Order): +49 (30) &#8211; 68 00 65 58 Opening Hours in general Monday to Saturday: 8.30 am &#8211; 7 pm Sunday\u00a0: 10 am &#8211; 3 pm If not communicated, we are [&hellip;]","og_url":"https:\/\/www.xn--jute-bckerei-lcb.de\/en\/contact\/","og_site_name":"Jute B\u00e4ckerei","article_modified_time":"2026-01-05T10:38:36+00:00","twitter_card":"summary_large_image","schema":{"@context":"https:\/\/schema.org","@graph":[{"@type":"WebPage","@id":"https:\/\/www.xn--jute-bckerei-lcb.de\/en\/contact\/","url":"https:\/\/www.xn--jute-bckerei-lcb.de\/en\/contact\/","name":"Contact - Jute B\u00e4ckerei - glutenfreie B\u00e4ckerei &amp; Produkte in Berlin","isPartOf":{"@id":"https:\/\/www.xn--jute-bckerei-lcb.de\/#website"},"datePublished":"2016-12-28T16:35:49+00:00","dateModified":"2026-01-05T10:38:36+00:00","breadcrumb":{"@id":"https:\/\/www.xn--jute-bckerei-lcb.de\/en\/contact\/#breadcrumb"},"inLanguage":"en-US","potentialAction":[{"@type":"ReadAction","target":["https:\/\/www.xn--jute-bckerei-lcb.de\/en\/contact\/"]}]},{"@type":"BreadcrumbList","@id":"https:\/\/www.xn--jute-bckerei-lcb.de\/en\/contact\/#breadcrumb","itemListElement":[{"@type":"ListItem","position":1,"name":"Startseite","item":"https:\/\/www.xn--jute-bckerei-lcb.de\/en\/"},{"@type":"ListItem","position":2,"name":"Contact"}]},{"@type":"WebSite","@id":"https:\/\/www.xn--jute-bckerei-lcb.de\/#website","url":"https:\/\/www.xn--jute-bckerei-lcb.de\/","name":"Jute B\u00e4ckerei","description":"glutenfreie B\u00e4ckerei &amp; Produkte in Berlin","potentialAction":[{"@type":"SearchAction","target":{"@type":"EntryPoint","urlTemplate":"https:\/\/www.xn--jute-bckerei-lcb.de\/?s={search_term_string}"},"query-input":{"@type":"PropertyValueSpecification","valueRequired":true,"valueName":"search_term_string"}}],"inLanguage":"en-US"}]}},"_links":{"self":[{"href":"https:\/\/www.xn--jute-bckerei-lcb.de\/en\/wp-json\/wp\/v2\/pages\/371","targetHints":{"allow":["GET"]}}],"collection":[{"href":"https:\/\/www.xn--jute-bckerei-lcb.de\/en\/wp-json\/wp\/v2\/pages"}],"about":[{"href":"https:\/\/www.xn--jute-bckerei-lcb.de\/en\/wp-json\/wp\/v2\/types\/page"}],"author":[{"embeddable":true,"href":"https:\/\/www.xn--jute-bckerei-lcb.de\/en\/wp-json\/wp\/v2\/users\/1"}],"replies":[{"embeddable":true,"href":"https:\/\/www.xn--jute-bckerei-lcb.de\/en\/wp-json\/wp\/v2\/comments?post=371"}],"version-history":[{"count":11,"href":"https:\/\/www.xn--jute-bckerei-lcb.de\/en\/wp-json\/wp\/v2\/pages\/371\/revisions"}],"predecessor-version":[{"id":1884,"href":"https:\/\/www.xn--jute-bckerei-lcb.de\/en\/wp-json\/wp\/v2\/pages\/371\/revisions\/1884"}],"wp:attachment":[{"href":"https:\/\/www.xn--jute-bckerei-lcb.de\/en\/wp-json\/wp\/v2\/media?parent=371"}],"curies":[{"name":"wp","href":"https:\/\/api.w.org\/{rel}","templated":true}]}}