{"id":350,"date":"2016-12-28T17:35:49","date_gmt":"2016-12-28T16:35:49","guid":{"rendered":"https:\/\/www.xn--jute-bckerei-lcb.de\/ueber-die-jute-baeckerei\/"},"modified":"2018-02-28T10:42:44","modified_gmt":"2018-02-28T09:42:44","slug":"about-the-jute-baeckerei","status":"publish","type":"page","link":"https:\/\/www.xn--jute-bckerei-lcb.de\/en\/about-the-jute-baeckerei\/","title":{"rendered":"About The Jute B\u00e4ckerei"},"content":{"rendered":"<h1 style=\"text-align: center;\">About the Jute B\u00e4ckerei<\/h1>\n<p>\t\t\t\t<a href=\"https:\/\/www.xn--jute-bckerei-lcb.de\/en\/about-the-jute-baeckerei\/philosophy\/\" target=\"_self\" itemprop=\"url\"><br \/>\n\t\t\t\t<img loading=\"lazy\" decoding=\"async\" src=\"https:\/\/www.xn--jute-bckerei-lcb.de\/wp-content\/uploads\/2018\/02\/JuteBaeckerei-glutendreie-Backerei-berlin-Laden_en.jpg\" alt=\"Philosophy\" itemprop=\"image\" height=\"798\" width=\"1200\"  \/><br \/>\n\t\t\t\t<\/a><br \/>\n\t\tPhilosophy<br \/>\n\t\t\t\t<a href=\"https:\/\/www.xn--jute-bckerei-lcb.de\/en\/about-the-jute-baeckerei\/about-us\/\" target=\"_self\" itemprop=\"url\"><br \/>\n\t\t\t\t<img loading=\"lazy\" decoding=\"async\" src=\"https:\/\/www.xn--jute-bckerei-lcb.de\/wp-content\/uploads\/2018\/02\/Friedrich_Gilsa-JuteBaeckerei-1.jpg\" alt=\"About Us\" itemprop=\"image\" height=\"914\" width=\"1200\"  \/><br \/>\n\t\t\t\t<\/a><br \/>\n\t\tAbout Us<br \/>\n\t\t\t\t<a href=\"https:\/\/www.xn--jute-bckerei-lcb.de\/en\/?page_id=368\" target=\"_self\" itemprop=\"url\"><br \/>\n\t\t\t\t<img loading=\"lazy\" decoding=\"async\" src=\"https:\/\/www.xn--jute-bckerei-lcb.de\/wp-content\/uploads\/2018\/02\/JuteBaeckerei-glutendreie-Backerei-berlin-belegtes-broetchen-07.jpg\" alt=\"Where you Can also Find Us\" itemprop=\"image\" height=\"798\" width=\"1200\"  \/><br \/>\n\t\t\t\t<\/a><br \/>\n\t\tWhere you Can also Find Us<br \/>\n\t\t\t\t<a href=\"https:\/\/www.xn--jute-bckerei-lcb.de\/en\/about-the-jute-baeckerei\/press\/\" target=\"_self\" itemprop=\"url\"><br \/>\n\t\t\t\t<img loading=\"lazy\" decoding=\"async\" src=\"https:\/\/www.xn--jute-bckerei-lcb.de\/wp-content\/uploads\/2018\/02\/jutebaeckerei-glutenfree-berlin-presse-.jpg\" alt=\"Press\" itemprop=\"image\" height=\"1001\" width=\"1200\"  \/><br \/>\n\t\t\t\t<\/a><br \/>\n\t\tPress<\/p>\n","protected":false},"excerpt":{"rendered":"<p>About the Jute B\u00e4ckerei Philosophy About Us Where you Can also Find Us Press<\/p>\n","protected":false},"author":1,"featured_media":0,"parent":0,"menu_order":8,"comment_status":"closed","ping_status":"closed","template":"","meta":{"footnotes":""},"class_list":["post-350","page","type-page","status-publish","hentry"],"yoast_head":"<!-- This site is optimized with the Yoast SEO plugin v27.3 - https:\/\/yoast.com\/product\/yoast-seo-wordpress\/ -->\n<title>About The Jute B\u00e4ckerei - Jute B\u00e4ckerei - glutenfreie B\u00e4ckerei &amp; Produkte in Berlin<\/title>\n<meta name=\"robots\" content=\"index, follow, max-snippet:-1, max-image-preview:large, max-video-preview:-1\" \/>\n<link rel=\"canonical\" href=\"https:\/\/www.xn--jute-bckerei-lcb.de\/en\/about-the-jute-baeckerei\/\" \/>\n<meta property=\"og:locale\" content=\"en_US\" \/>\n<meta property=\"og:type\" content=\"article\" \/>\n<meta property=\"og:title\" content=\"About The Jute B\u00e4ckerei - Jute B\u00e4ckerei - glutenfreie B\u00e4ckerei &amp; Produkte in Berlin\" \/>\n<meta property=\"og:description\" content=\"About the Jute B\u00e4ckerei Philosophy About Us Where you Can also Find Us Press\" \/>\n<meta property=\"og:url\" content=\"https:\/\/www.xn--jute-bckerei-lcb.de\/en\/about-the-jute-baeckerei\/\" \/>\n<meta property=\"og:site_name\" content=\"Jute B\u00e4ckerei\" \/>\n<meta property=\"article:modified_time\" content=\"2018-02-28T09:42:44+00:00\" \/>\n<meta property=\"og:image\" content=\"https:\/\/www.xn--jute-bckerei-lcb.de\/wp-content\/uploads\/2018\/02\/JuteBaeckerei-glutendreie-Backerei-berlin-Laden_en.jpg\" \/>\n<meta name=\"twitter:card\" content=\"summary_large_image\" \/>\n<script type=\"application\/ld+json\" class=\"yoast-schema-graph\">{\"@context\":\"https:\\\/\\\/schema.org\",\"@graph\":[{\"@type\":\"WebPage\",\"@id\":\"https:\\\/\\\/www.xn--jute-bckerei-lcb.de\\\/en\\\/about-the-jute-baeckerei\\\/\",\"url\":\"https:\\\/\\\/www.xn--jute-bckerei-lcb.de\\\/en\\\/about-the-jute-baeckerei\\\/\",\"name\":\"About The Jute B\u00e4ckerei - Jute B\u00e4ckerei - glutenfreie B\u00e4ckerei &amp; Produkte in Berlin\",\"isPartOf\":{\"@id\":\"https:\\\/\\\/www.xn--jute-bckerei-lcb.de\\\/#website\"},\"primaryImageOfPage\":{\"@id\":\"https:\\\/\\\/www.xn--jute-bckerei-lcb.de\\\/en\\\/about-the-jute-baeckerei\\\/#primaryimage\"},\"image\":{\"@id\":\"https:\\\/\\\/www.xn--jute-bckerei-lcb.de\\\/en\\\/about-the-jute-baeckerei\\\/#primaryimage\"},\"thumbnailUrl\":\"https:\\\/\\\/www.xn--jute-bckerei-lcb.de\\\/wp-content\\\/uploads\\\/2018\\\/02\\\/JuteBaeckerei-glutendreie-Backerei-berlin-Laden_en.jpg\",\"datePublished\":\"2016-12-28T16:35:49+00:00\",\"dateModified\":\"2018-02-28T09:42:44+00:00\",\"breadcrumb\":{\"@id\":\"https:\\\/\\\/www.xn--jute-bckerei-lcb.de\\\/en\\\/about-the-jute-baeckerei\\\/#breadcrumb\"},\"inLanguage\":\"en-US\",\"potentialAction\":[{\"@type\":\"ReadAction\",\"target\":[\"https:\\\/\\\/www.xn--jute-bckerei-lcb.de\\\/en\\\/about-the-jute-baeckerei\\\/\"]}]},{\"@type\":\"ImageObject\",\"inLanguage\":\"en-US\",\"@id\":\"https:\\\/\\\/www.xn--jute-bckerei-lcb.de\\\/en\\\/about-the-jute-baeckerei\\\/#primaryimage\",\"url\":\"https:\\\/\\\/www.xn--jute-bckerei-lcb.de\\\/wp-content\\\/uploads\\\/2018\\\/02\\\/JuteBaeckerei-glutendreie-Backerei-berlin-Laden_en.jpg\",\"contentUrl\":\"https:\\\/\\\/www.xn--jute-bckerei-lcb.de\\\/wp-content\\\/uploads\\\/2018\\\/02\\\/JuteBaeckerei-glutendreie-Backerei-berlin-Laden_en.jpg\"},{\"@type\":\"BreadcrumbList\",\"@id\":\"https:\\\/\\\/www.xn--jute-bckerei-lcb.de\\\/en\\\/about-the-jute-baeckerei\\\/#breadcrumb\",\"itemListElement\":[{\"@type\":\"ListItem\",\"position\":1,\"name\":\"Startseite\",\"item\":\"https:\\\/\\\/www.xn--jute-bckerei-lcb.de\\\/en\\\/\"},{\"@type\":\"ListItem\",\"position\":2,\"name\":\"About The Jute B\u00e4ckerei\"}]},{\"@type\":\"WebSite\",\"@id\":\"https:\\\/\\\/www.xn--jute-bckerei-lcb.de\\\/#website\",\"url\":\"https:\\\/\\\/www.xn--jute-bckerei-lcb.de\\\/\",\"name\":\"Jute B\u00e4ckerei\",\"description\":\"glutenfreie B\u00e4ckerei &amp; Produkte in Berlin\",\"potentialAction\":[{\"@type\":\"SearchAction\",\"target\":{\"@type\":\"EntryPoint\",\"urlTemplate\":\"https:\\\/\\\/www.xn--jute-bckerei-lcb.de\\\/?s={search_term_string}\"},\"query-input\":{\"@type\":\"PropertyValueSpecification\",\"valueRequired\":true,\"valueName\":\"search_term_string\"}}],\"inLanguage\":\"en-US\"}]}<\/script>\n<!-- \/ Yoast SEO plugin. -->","yoast_head_json":{"title":"About The Jute B\u00e4ckerei - Jute B\u00e4ckerei - glutenfreie B\u00e4ckerei &amp; Produkte in Berlin","robots":{"index":"index","follow":"follow","max-snippet":"max-snippet:-1","max-image-preview":"max-image-preview:large","max-video-preview":"max-video-preview:-1"},"canonical":"https:\/\/www.xn--jute-bckerei-lcb.de\/en\/about-the-jute-baeckerei\/","og_locale":"en_US","og_type":"article","og_title":"About The Jute B\u00e4ckerei - Jute B\u00e4ckerei - glutenfreie B\u00e4ckerei &amp; Produkte in Berlin","og_description":"About the Jute B\u00e4ckerei Philosophy About Us Where you Can also Find Us Press","og_url":"https:\/\/www.xn--jute-bckerei-lcb.de\/en\/about-the-jute-baeckerei\/","og_site_name":"Jute B\u00e4ckerei","article_modified_time":"2018-02-28T09:42:44+00:00","og_image":[{"url":"https:\/\/www.xn--jute-bckerei-lcb.de\/wp-content\/uploads\/2018\/02\/JuteBaeckerei-glutendreie-Backerei-berlin-Laden_en.jpg","type":"","width":"","height":""}],"twitter_card":"summary_large_image","schema":{"@context":"https:\/\/schema.org","@graph":[{"@type":"WebPage","@id":"https:\/\/www.xn--jute-bckerei-lcb.de\/en\/about-the-jute-baeckerei\/","url":"https:\/\/www.xn--jute-bckerei-lcb.de\/en\/about-the-jute-baeckerei\/","name":"About The Jute B\u00e4ckerei - Jute B\u00e4ckerei - glutenfreie B\u00e4ckerei &amp; Produkte in Berlin","isPartOf":{"@id":"https:\/\/www.xn--jute-bckerei-lcb.de\/#website"},"primaryImageOfPage":{"@id":"https:\/\/www.xn--jute-bckerei-lcb.de\/en\/about-the-jute-baeckerei\/#primaryimage"},"image":{"@id":"https:\/\/www.xn--jute-bckerei-lcb.de\/en\/about-the-jute-baeckerei\/#primaryimage"},"thumbnailUrl":"https:\/\/www.xn--jute-bckerei-lcb.de\/wp-content\/uploads\/2018\/02\/JuteBaeckerei-glutendreie-Backerei-berlin-Laden_en.jpg","datePublished":"2016-12-28T16:35:49+00:00","dateModified":"2018-02-28T09:42:44+00:00","breadcrumb":{"@id":"https:\/\/www.xn--jute-bckerei-lcb.de\/en\/about-the-jute-baeckerei\/#breadcrumb"},"inLanguage":"en-US","potentialAction":[{"@type":"ReadAction","target":["https:\/\/www.xn--jute-bckerei-lcb.de\/en\/about-the-jute-baeckerei\/"]}]},{"@type":"ImageObject","inLanguage":"en-US","@id":"https:\/\/www.xn--jute-bckerei-lcb.de\/en\/about-the-jute-baeckerei\/#primaryimage","url":"https:\/\/www.xn--jute-bckerei-lcb.de\/wp-content\/uploads\/2018\/02\/JuteBaeckerei-glutendreie-Backerei-berlin-Laden_en.jpg","contentUrl":"https:\/\/www.xn--jute-bckerei-lcb.de\/wp-content\/uploads\/2018\/02\/JuteBaeckerei-glutendreie-Backerei-berlin-Laden_en.jpg"},{"@type":"BreadcrumbList","@id":"https:\/\/www.xn--jute-bckerei-lcb.de\/en\/about-the-jute-baeckerei\/#breadcrumb","itemListElement":[{"@type":"ListItem","position":1,"name":"Startseite","item":"https:\/\/www.xn--jute-bckerei-lcb.de\/en\/"},{"@type":"ListItem","position":2,"name":"About The Jute B\u00e4ckerei"}]},{"@type":"WebSite","@id":"https:\/\/www.xn--jute-bckerei-lcb.de\/#website","url":"https:\/\/www.xn--jute-bckerei-lcb.de\/","name":"Jute B\u00e4ckerei","description":"glutenfreie B\u00e4ckerei &amp; Produkte in Berlin","potentialAction":[{"@type":"SearchAction","target":{"@type":"EntryPoint","urlTemplate":"https:\/\/www.xn--jute-bckerei-lcb.de\/?s={search_term_string}"},"query-input":{"@type":"PropertyValueSpecification","valueRequired":true,"valueName":"search_term_string"}}],"inLanguage":"en-US"}]}},"_links":{"self":[{"href":"https:\/\/www.xn--jute-bckerei-lcb.de\/en\/wp-json\/wp\/v2\/pages\/350","targetHints":{"allow":["GET"]}}],"collection":[{"href":"https:\/\/www.xn--jute-bckerei-lcb.de\/en\/wp-json\/wp\/v2\/pages"}],"about":[{"href":"https:\/\/www.xn--jute-bckerei-lcb.de\/en\/wp-json\/wp\/v2\/types\/page"}],"author":[{"embeddable":true,"href":"https:\/\/www.xn--jute-bckerei-lcb.de\/en\/wp-json\/wp\/v2\/users\/1"}],"replies":[{"embeddable":true,"href":"https:\/\/www.xn--jute-bckerei-lcb.de\/en\/wp-json\/wp\/v2\/comments?post=350"}],"version-history":[{"count":10,"href":"https:\/\/www.xn--jute-bckerei-lcb.de\/en\/wp-json\/wp\/v2\/pages\/350\/revisions"}],"predecessor-version":[{"id":904,"href":"https:\/\/www.xn--jute-bckerei-lcb.de\/en\/wp-json\/wp\/v2\/pages\/350\/revisions\/904"}],"wp:attachment":[{"href":"https:\/\/www.xn--jute-bckerei-lcb.de\/en\/wp-json\/wp\/v2\/media?parent=350"}],"curies":[{"name":"wp","href":"https:\/\/api.w.org\/{rel}","templated":true}]}}